{"id":14395,"date":"2024-03-24T17:55:59","date_gmt":"2024-03-24T16:55:59","guid":{"rendered":"https:\/\/www.tariquet.com\/legal-notices\/"},"modified":"2024-09-29T10:15:26","modified_gmt":"2024-09-29T08:15:26","slug":"legal-notices","status":"publish","type":"page","link":"https:\/\/www.tariquet.com\/en\/legal-notices\/","title":{"rendered":"Legal Notices"},"content":{"rendered":"\t\t<div data-elementor-type=\"wp-post\" data-elementor-id=\"14395\" class=\"elementor elementor-14395 elementor-11099\" data-elementor-post-type=\"page\">\n\t\t\t\t\t\t<section class=\"elementor-section elementor-top-section elementor-element elementor-element-7b20a4d elementor-section-stretched elementor-section-height-min-height elementor-section-items-bottom elementor-section-content-bottom elementor-section-boxed elementor-section-height-default\" data-id=\"7b20a4d\" data-element_type=\"section\" data-e-type=\"section\" data-settings=\"{&quot;stretch_section&quot;:&quot;section-stretched&quot;,&quot;background_background&quot;:&quot;classic&quot;,&quot;architecturer_ext_is_background_parallax&quot;:&quot;false&quot;,&quot;architecturer_ext_is_background_on_scroll&quot;:&quot;false&quot;}\">\n\t\t\t\t\t\t\t<div class=\"elementor-background-overlay\"><\/div>\n\t\t\t\t\t\t\t<div class=\"elementor-container elementor-column-gap-no\">\n\t\t\t\t\t<div class=\"elementor-column elementor-col-100 elementor-top-column elementor-element elementor-element-56b8c30\" data-id=\"56b8c30\" data-element_type=\"column\" data-e-type=\"column\" data-settings=\"{&quot;architecturer_ext_is_mobile_menu&quot;:&quot;false&quot;,&quot;architecturer_ext_is_scrollme&quot;:&quot;false&quot;,&quot;architecturer_ext_is_smoove&quot;:&quot;false&quot;,&quot;architecturer_ext_is_parallax_mouse&quot;:&quot;false&quot;,&quot;architecturer_ext_is_infinite&quot;:&quot;false&quot;,&quot;architecturer_ext_is_fadeout_animation&quot;:&quot;false&quot;}\">\n\t\t\t<div class=\"elementor-widget-wrap\">\n\t\t\t\t\t\t\t<\/div>\n\t\t<\/div>\n\t\t\t\t\t<\/div>\n\t\t<\/section>\n\t\t\t\t<section class=\"elementor-section elementor-top-section elementor-element elementor-element-6e7ba38 elementor-section-boxed elementor-section-height-default elementor-section-height-default\" data-id=\"6e7ba38\" data-element_type=\"section\" data-e-type=\"section\" data-settings=\"{&quot;architecturer_ext_is_background_parallax&quot;:&quot;false&quot;,&quot;architecturer_ext_is_background_on_scroll&quot;:&quot;false&quot;}\">\n\t\t\t\t\t\t<div class=\"elementor-container elementor-column-gap-no\">\n\t\t\t\t\t<div class=\"elementor-column elementor-col-100 elementor-top-column elementor-element elementor-element-66268aa\" data-id=\"66268aa\" data-element_type=\"column\" data-e-type=\"column\" data-settings=\"{&quot;architecturer_ext_is_mobile_menu&quot;:&quot;false&quot;,&quot;architecturer_ext_is_scrollme&quot;:&quot;false&quot;,&quot;architecturer_ext_is_smoove&quot;:&quot;false&quot;,&quot;architecturer_ext_is_parallax_mouse&quot;:&quot;false&quot;,&quot;architecturer_ext_is_infinite&quot;:&quot;false&quot;,&quot;architecturer_ext_is_fadeout_animation&quot;:&quot;false&quot;}\">\n\t\t\t<div class=\"elementor-widget-wrap elementor-element-populated\">\n\t\t\t\t\t\t<div class=\"elementor-element elementor-element-44e3214 animated-fast elementor-widget elementor-widget-text-editor\" data-id=\"44e3214\" data-element_type=\"widget\" data-e-type=\"widget\" data-settings=\"{&quot;_animation&quot;:&quot;none&quot;,&quot;architecturer_ext_is_mobile_menu&quot;:&quot;false&quot;,&quot;architecturer_ext_is_scrollme&quot;:&quot;false&quot;,&quot;architecturer_ext_is_smoove&quot;:&quot;false&quot;,&quot;architecturer_ext_is_parallax_mouse&quot;:&quot;false&quot;,&quot;architecturer_ext_is_infinite&quot;:&quot;false&quot;,&quot;architecturer_ext_is_fadeout_animation&quot;:&quot;false&quot;}\" data-widget_type=\"text-editor.default\">\n\t\t\t\t<div class=\"elementor-widget-container\">\n\t\t\t\t\t\t\t\t\t<div class=\"page\" title=\"Page 1\">\n<div class=\"section\">\n<div class=\"layoutArea\">\n<div class=\"column\">\n<h2>LEGAL NOTICES\u2028 \u2028WEBSITE TERMS OF USE<\/h2>\n<\/div>\n<\/div>\n<\/div>\n<\/div>\n\t\t\t\t\t\t\t\t<\/div>\n\t\t\t\t<\/div>\n\t\t\t\t<div class=\"elementor-element elementor-element-057ea79 animated-fast elementor-widget elementor-widget-text-editor\" data-id=\"057ea79\" data-element_type=\"widget\" data-e-type=\"widget\" data-settings=\"{&quot;_animation&quot;:&quot;none&quot;,&quot;_animation_delay&quot;:400,&quot;architecturer_ext_is_mobile_menu&quot;:&quot;false&quot;,&quot;architecturer_ext_is_scrollme&quot;:&quot;false&quot;,&quot;architecturer_ext_is_smoove&quot;:&quot;false&quot;,&quot;architecturer_ext_is_parallax_mouse&quot;:&quot;false&quot;,&quot;architecturer_ext_is_infinite&quot;:&quot;false&quot;,&quot;architecturer_ext_is_fadeout_animation&quot;:&quot;false&quot;}\" data-widget_type=\"text-editor.default\">\n\t\t\t\t<div class=\"elementor-widget-container\">\n\t\t\t\t\t\t\t\t\t<div class=\"page\" title=\"Page 1\">\n<div class=\"section\">\n<div class=\"layoutArea\">\n<div class=\"column\">\n<p>These terms of use (the \u2018<b>Terms of Use<\/b>\u2019) define and govern how users (\u2018<b>you<\/b>\u2019) can access and use the website https:\/\/www.tariquet.com (the \u2018<b>Website<\/b>\u2019).<\/p>\n<p>The Website has been designed to present and sell Soci\u00e9t\u00e9 Civile Vinicole Ch\u00e2teau du Tariquet (\u2018<b>Domaine Tariquet\u2019<\/b>) products. Note that the terms \u2018us\/we\/our\u2019 all refer to Domaine Tariquet.<\/p>\n<p>You can consult these Terms of Use at any time via the dedicated page on our Website. By visiting our Website, you implicitly accept these Terms of Use without qualification. <\/p>\n<p>We reserve the right to amend these Terms of Use at any time without prior notice, in particular in light of any changes to the Website and\/or applicable regulations. We recommend you consult the latest version of these Terms of Use whenever you visit our Website. <\/p>\n<\/div>\n<\/div>\n<\/div>\n<\/div>\n\t\t\t\t\t\t\t\t<\/div>\n\t\t\t\t<\/div>\n\t\t\t\t<div class=\"elementor-element elementor-element-0ef8fdf animated-fast elementor-widget elementor-widget-text-editor\" data-id=\"0ef8fdf\" data-element_type=\"widget\" data-e-type=\"widget\" data-settings=\"{&quot;_animation&quot;:&quot;none&quot;,&quot;_animation_delay&quot;:400,&quot;architecturer_ext_is_mobile_menu&quot;:&quot;false&quot;,&quot;architecturer_ext_is_scrollme&quot;:&quot;false&quot;,&quot;architecturer_ext_is_smoove&quot;:&quot;false&quot;,&quot;architecturer_ext_is_parallax_mouse&quot;:&quot;false&quot;,&quot;architecturer_ext_is_infinite&quot;:&quot;false&quot;,&quot;architecturer_ext_is_fadeout_animation&quot;:&quot;false&quot;}\" data-widget_type=\"text-editor.default\">\n\t\t\t\t<div class=\"elementor-widget-container\">\n\t\t\t\t\t\t\t\t\t<p><u>1. LEGAL NOTICES<br \/><\/u><\/p>\n\t\t\t\t\t\t\t\t<\/div>\n\t\t\t\t<\/div>\n\t\t\t\t<div class=\"elementor-element elementor-element-ebb389c animated-fast elementor-widget elementor-widget-text-editor\" data-id=\"ebb389c\" data-element_type=\"widget\" data-e-type=\"widget\" data-settings=\"{&quot;_animation&quot;:&quot;none&quot;,&quot;_animation_delay&quot;:400,&quot;architecturer_ext_is_mobile_menu&quot;:&quot;false&quot;,&quot;architecturer_ext_is_scrollme&quot;:&quot;false&quot;,&quot;architecturer_ext_is_smoove&quot;:&quot;false&quot;,&quot;architecturer_ext_is_parallax_mouse&quot;:&quot;false&quot;,&quot;architecturer_ext_is_infinite&quot;:&quot;false&quot;,&quot;architecturer_ext_is_fadeout_animation&quot;:&quot;false&quot;}\" data-widget_type=\"text-editor.default\">\n\t\t\t\t<div class=\"elementor-widget-container\">\n\t\t\t\t\t\t\t\t\t<p>The Website is published by Domaine Tariquet. Our full identification and contact details are given below, in accordance with Article 6 of French Act No. 2004-575 of June 21, 2004 on trust in the digital economy&nbsp;:<br><br>\u2022 <u>Website<\/u>&nbsp;: https:\/\/www.tariquet.com\u2028\u2028<br><br>\u2022 <u>Corporate form<\/u>&nbsp;: Soci\u00e9t\u00e9 Civile Vinicole (SCV) \u2013 French viticultural partnership<\/p>\n<p>\u2022 <u>Identification number (SIRET)<\/u>&nbsp;: 350 132 064 00014<\/p>\n<p>\u2022 <u>VAT number<\/u>&nbsp;: FR 82350132064<\/p>\n<p>\u2022 <u>Registered office&nbsp;<\/u>: Saint-Amand, 32800 Eauze (France)<\/p>\n<p>\u2022<u> Telephone<\/u>&nbsp;: +33 (0)5 62 09 87 82<\/p>\n<p>\u2022<u> E-mail<\/u>&nbsp;: contact@tariquet.com<\/p>\n<p>\u2022 <u>Website directors<\/u>&nbsp;: Armin Grassa and R\u00e9my Grassa<\/p>\n<p>\u2022 <u>Host<\/u>&nbsp;: OVH SAS, 2 rue Kellermann, 59100 Roubaix (France)<\/p>\n<p>\u2022 <u>Design &#8211; Artistic Direction<\/u>: Victor Cornec Studio<\/p>\n<p>For any questions or requests for information regarding the Website, you can e-mail or write to Domaine Tariquet at the above addresses.<\/p>\t\t\t\t\t\t\t\t<\/div>\n\t\t\t\t<\/div>\n\t\t\t\t<div class=\"elementor-element elementor-element-3ce1662 animated-fast elementor-widget elementor-widget-text-editor\" data-id=\"3ce1662\" data-element_type=\"widget\" data-e-type=\"widget\" data-settings=\"{&quot;_animation&quot;:&quot;none&quot;,&quot;_animation_delay&quot;:400,&quot;architecturer_ext_is_mobile_menu&quot;:&quot;false&quot;,&quot;architecturer_ext_is_scrollme&quot;:&quot;false&quot;,&quot;architecturer_ext_is_smoove&quot;:&quot;false&quot;,&quot;architecturer_ext_is_parallax_mouse&quot;:&quot;false&quot;,&quot;architecturer_ext_is_infinite&quot;:&quot;false&quot;,&quot;architecturer_ext_is_fadeout_animation&quot;:&quot;false&quot;}\" data-widget_type=\"text-editor.default\">\n\t\t\t\t<div class=\"elementor-widget-container\">\n\t\t\t\t\t\t\t\t\t<p><u>2. ACCESS AND BROWSING<\/p>\n<p><\/u><\/p>\n\t\t\t\t\t\t\t\t<\/div>\n\t\t\t\t<\/div>\n\t\t\t\t<div class=\"elementor-element elementor-element-d4ea1c6 animated-fast elementor-widget elementor-widget-text-editor\" data-id=\"d4ea1c6\" data-element_type=\"widget\" data-e-type=\"widget\" data-settings=\"{&quot;_animation&quot;:&quot;none&quot;,&quot;_animation_delay&quot;:400,&quot;architecturer_ext_is_mobile_menu&quot;:&quot;false&quot;,&quot;architecturer_ext_is_scrollme&quot;:&quot;false&quot;,&quot;architecturer_ext_is_smoove&quot;:&quot;false&quot;,&quot;architecturer_ext_is_parallax_mouse&quot;:&quot;false&quot;,&quot;architecturer_ext_is_infinite&quot;:&quot;false&quot;,&quot;architecturer_ext_is_fadeout_animation&quot;:&quot;false&quot;}\" data-widget_type=\"text-editor.default\">\n\t\t\t\t<div class=\"elementor-widget-container\">\n\t\t\t\t\t\t\t\t\t<p>In accordance with the French Public Health Code, only adults aged eighteen (18) or over may visit our Website.<\/p>\n<p>We therefore ask you how old you are before granting you access to the Website.<\/p>\n<p>We use all technical tools at our disposal to ensure our Website remains online and offers the best possible browsing experience. However, we are under no absolute obligation to maintain service at all times.<\/p>\n<p>In particular, we cannot be held liable if access to and\/or browsing on our Website is suspended, restricted and\/or interrupted due to any:<\/p>\n<p>&#8211; corrective maintenance, upgrades, updates or revisions required to ensure the Website\u2019s proper functioning;<\/p>\n<p>&#8211; malfunctions and\/or errors attributable to the Internet network\/connection and\/or the IT equipment you use and for which you are responsible;<\/p>\n<p>&#8211; third-party hackers and\/or viruses affecting the networks, connections or IT equipment you use and for which you are responsible;<\/p>\n<p>&#8211; force majeure or other events beyond our control;<\/p>\n<p>&#8211; other cause and\/or action we deem it appropriate and necessary to take in order to ensure the Website\u2019s proper functioning.<\/p>\n<p>You must, in all circumstances, perform regular maintenance and install all regular updates for the IT equipment, operating systems, antivirus programs and browsers you use to visit our Website.<\/p>\n\t\t\t\t\t\t\t\t<\/div>\n\t\t\t\t<\/div>\n\t\t\t\t<div class=\"elementor-element elementor-element-84c6231 animated-fast elementor-widget elementor-widget-text-editor\" data-id=\"84c6231\" data-element_type=\"widget\" data-e-type=\"widget\" data-settings=\"{&quot;_animation&quot;:&quot;none&quot;,&quot;_animation_delay&quot;:400,&quot;architecturer_ext_is_mobile_menu&quot;:&quot;false&quot;,&quot;architecturer_ext_is_scrollme&quot;:&quot;false&quot;,&quot;architecturer_ext_is_smoove&quot;:&quot;false&quot;,&quot;architecturer_ext_is_parallax_mouse&quot;:&quot;false&quot;,&quot;architecturer_ext_is_infinite&quot;:&quot;false&quot;,&quot;architecturer_ext_is_fadeout_animation&quot;:&quot;false&quot;}\" data-widget_type=\"text-editor.default\">\n\t\t\t\t<div class=\"elementor-widget-container\">\n\t\t\t\t\t\t\t\t\t<p><u>3. PROTECTION OF WEBSITE CONTENT \u2013 INTELLECTUAL PROPERTY<br \/><\/u><\/p>\n\t\t\t\t\t\t\t\t<\/div>\n\t\t\t\t<\/div>\n\t\t\t\t<div class=\"elementor-element elementor-element-b7ebc7d animated-fast elementor-widget elementor-widget-text-editor\" data-id=\"b7ebc7d\" data-element_type=\"widget\" data-e-type=\"widget\" data-settings=\"{&quot;_animation&quot;:&quot;none&quot;,&quot;_animation_delay&quot;:400,&quot;architecturer_ext_is_mobile_menu&quot;:&quot;false&quot;,&quot;architecturer_ext_is_scrollme&quot;:&quot;false&quot;,&quot;architecturer_ext_is_smoove&quot;:&quot;false&quot;,&quot;architecturer_ext_is_parallax_mouse&quot;:&quot;false&quot;,&quot;architecturer_ext_is_infinite&quot;:&quot;false&quot;,&quot;architecturer_ext_is_fadeout_animation&quot;:&quot;false&quot;}\" data-widget_type=\"text-editor.default\">\n\t\t\t\t<div class=\"elementor-widget-container\">\n\t\t\t\t\t\t\t\t\t<p>All information, photographs, illustrations and other indications on our Website relating to our products, business and\/or news are provided solely for information purposes. The Website\u2019s content is in no way intended to replace the personalized advice and information we give to anyone who contacts us directly (see Article 1 for contact details).<\/p>\n<p>The Website\u2019s content in no way constitutes a contractual undertaking. We exclude any explicit or implied warranty as to the validity, exhaustiveness or up-to-date nature of the information provided on Domaine Tariquet products, or the exact likeness of any images.<\/p>\n<p>All hyperlinks on our Website to other web pages or sites have been authorized in advance by the owners of such pages and sites. The hyperlinks are provided solely for your convenience and information. Domaine Tariquet has no control over the content of any third-party pages or sites; all associated liability remains with their respective owners. <\/p>\n<p>We recommend you consult the terms of use and any restrictions applicable to sites to which you are redirected before continuing.<\/p>\n<p>The Website\u2019s overall structure, as well as all text, data, photographs, images, illustrations, logos, videos, graphic elements (whether or not animated) and, more broadly, all components of the Website (aside from any owned by third parties) constitute original creations and works that are the exclusive property of Domaine Tariquet. All such creations and works are protected or protectable under the French Intellectual Property Code and international conventions on intellectual property.<\/p>\n<p>The Website \u2013 including any and all components that are protected or protectable under the French Intellectual Property Code or international conventions on intellectual property \u2013 must not be reproduced, amended, distorted, presented, disseminated and\/or used for any purpose or in any context whatsoever without our prior written consent.<\/p>\n<p>In particular, we draw your attention to the fact that all photographs of Domaine Tariquet products and all product names are protected by internationally registered trademarks held by Domaine Tariquet. Accordingly, you must not reproduce or use such photographs or names of Domaine Tariquet products for any purpose or in any context whatsoever without our prior written consent. <\/p>\n<p>You must obtain our prior written consent before reproducing any page or other component of the Website in a context unrelated to and\/or not controlled by Domaine Tariquet or including any page or other component of the Website or any hyperlink to the Website on a third-party site.<\/p>\n\t\t\t\t\t\t\t\t<\/div>\n\t\t\t\t<\/div>\n\t\t\t\t<div class=\"elementor-element elementor-element-748b93e animated-fast elementor-widget elementor-widget-text-editor\" data-id=\"748b93e\" data-element_type=\"widget\" data-e-type=\"widget\" data-settings=\"{&quot;_animation&quot;:&quot;none&quot;,&quot;_animation_delay&quot;:400,&quot;architecturer_ext_is_mobile_menu&quot;:&quot;false&quot;,&quot;architecturer_ext_is_scrollme&quot;:&quot;false&quot;,&quot;architecturer_ext_is_smoove&quot;:&quot;false&quot;,&quot;architecturer_ext_is_parallax_mouse&quot;:&quot;false&quot;,&quot;architecturer_ext_is_infinite&quot;:&quot;false&quot;,&quot;architecturer_ext_is_fadeout_animation&quot;:&quot;false&quot;}\" data-widget_type=\"text-editor.default\">\n\t\t\t\t<div class=\"elementor-widget-container\">\n\t\t\t\t\t\t\t\t\t<p><u>4. LIABILITY <\/p>\n<p><\/u><\/p>\n\t\t\t\t\t\t\t\t<\/div>\n\t\t\t\t<\/div>\n\t\t\t\t<div class=\"elementor-element elementor-element-932730d animated-fast elementor-widget__width-initial elementor-widget elementor-widget-text-editor\" data-id=\"932730d\" data-element_type=\"widget\" data-e-type=\"widget\" data-settings=\"{&quot;_animation&quot;:&quot;none&quot;,&quot;_animation_delay&quot;:400,&quot;architecturer_ext_is_mobile_menu&quot;:&quot;false&quot;,&quot;architecturer_ext_is_scrollme&quot;:&quot;false&quot;,&quot;architecturer_ext_is_smoove&quot;:&quot;false&quot;,&quot;architecturer_ext_is_parallax_mouse&quot;:&quot;false&quot;,&quot;architecturer_ext_is_infinite&quot;:&quot;false&quot;,&quot;architecturer_ext_is_fadeout_animation&quot;:&quot;false&quot;}\" data-widget_type=\"text-editor.default\">\n\t\t\t\t<div class=\"elementor-widget-container\">\n\t\t\t\t\t\t\t\t\t<p>Domaine Tariquet\u2019s liability as publisher of the Website is strictly limited to the Website content we publish. In particular, we cannot be held liable, at any time and on any grounds whatsoever, for any: <\/p>\n<p>&#8211; suspension, restriction and\/or interruption of service as regards the Website in the circumstances listed under Article 2 above;<\/p>\n<p>&#8211; abnormal, illegal and\/or non-compliant use of the Website;<\/p>\n<p>&#8211; breach on your part of these Terms of Use;<\/p>\n<p>&#8211; force majeure or other event beyond our control.<\/p>\n<p>When visiting our Website, you agree to comply with these Terms of Use in full. In particular, you agree not to: <\/p>\n<p>&#8211; reproduce, amend, distort and\/or use, for any purpose and in any context whatsoever, any logos, photographs, images, names, trademarks or other content relating to Domaine Tariquet products and, more broadly, not to infringe any of Domaine Tariquet\u2019s intellectual property rights;<\/p>\n<p>&#8211; exchange, disseminate or publish in any way any content that is illegal, offensive, defamatory, misrepresented, insulting and\/or damaging to Domaine Tariquet, the Website and\/or any third parties.<\/p>\n\t\t\t\t\t\t\t\t<\/div>\n\t\t\t\t<\/div>\n\t\t\t\t<div class=\"elementor-element elementor-element-36c4597 animated-fast elementor-widget elementor-widget-text-editor\" data-id=\"36c4597\" data-element_type=\"widget\" data-e-type=\"widget\" data-settings=\"{&quot;_animation&quot;:&quot;none&quot;,&quot;_animation_delay&quot;:400,&quot;architecturer_ext_is_mobile_menu&quot;:&quot;false&quot;,&quot;architecturer_ext_is_scrollme&quot;:&quot;false&quot;,&quot;architecturer_ext_is_smoove&quot;:&quot;false&quot;,&quot;architecturer_ext_is_parallax_mouse&quot;:&quot;false&quot;,&quot;architecturer_ext_is_infinite&quot;:&quot;false&quot;,&quot;architecturer_ext_is_fadeout_animation&quot;:&quot;false&quot;}\" data-widget_type=\"text-editor.default\">\n\t\t\t\t<div class=\"elementor-widget-container\">\n\t\t\t\t\t\t\t\t\t<p><u>5. PRIVACY POLICY \u2013 COOKIES<br \/><\/u><\/p>\n\t\t\t\t\t\t\t\t<\/div>\n\t\t\t\t<\/div>\n\t\t\t\t<div class=\"elementor-element elementor-element-7314294 animated-fast elementor-widget__width-initial elementor-widget elementor-widget-text-editor\" data-id=\"7314294\" data-element_type=\"widget\" data-e-type=\"widget\" data-settings=\"{&quot;_animation&quot;:&quot;none&quot;,&quot;_animation_delay&quot;:400,&quot;architecturer_ext_is_mobile_menu&quot;:&quot;false&quot;,&quot;architecturer_ext_is_scrollme&quot;:&quot;false&quot;,&quot;architecturer_ext_is_smoove&quot;:&quot;false&quot;,&quot;architecturer_ext_is_parallax_mouse&quot;:&quot;false&quot;,&quot;architecturer_ext_is_infinite&quot;:&quot;false&quot;,&quot;architecturer_ext_is_fadeout_animation&quot;:&quot;false&quot;}\" data-widget_type=\"text-editor.default\">\n\t\t\t\t<div class=\"elementor-widget-container\">\n\t\t\t\t\t\t\t\t\tWe implement all appropriate technical and organizational measures to keep your Personal Data safe, taking into account the state of the art, the cost of implementation and the nature, scope, context and purposes of our processing, as well as the risks \u2013 of varying likelihood and severity \u2013 to your personal rights and freedoms. <br><br> When assessing what constitutes appropriate measures, we take into account in particular the risks associated with our processing. These include the risks associated with the destruction, loss, distortion or unauthorized disclosure of any Personal Data shared, stored or otherwise processed, as well as with any unauthorized access to your Personal Data, whether accidental or through unlawful means.\t\t\t\t\t\t\t\t<\/div>\n\t\t\t\t<\/div>\n\t\t\t\t<div class=\"elementor-element elementor-element-7f54a3c animated-fast elementor-widget elementor-widget-text-editor\" data-id=\"7f54a3c\" data-element_type=\"widget\" data-e-type=\"widget\" data-settings=\"{&quot;_animation&quot;:&quot;none&quot;,&quot;_animation_delay&quot;:400,&quot;architecturer_ext_is_mobile_menu&quot;:&quot;false&quot;,&quot;architecturer_ext_is_scrollme&quot;:&quot;false&quot;,&quot;architecturer_ext_is_smoove&quot;:&quot;false&quot;,&quot;architecturer_ext_is_parallax_mouse&quot;:&quot;false&quot;,&quot;architecturer_ext_is_infinite&quot;:&quot;false&quot;,&quot;architecturer_ext_is_fadeout_animation&quot;:&quot;false&quot;}\" data-widget_type=\"text-editor.default\">\n\t\t\t\t<div class=\"elementor-widget-container\">\n\t\t\t\t\t\t\t\t\t<p><u>6. WHAT COOKIES DO WE USE ON OUR WEBSITE?<\/u><\/p>\n\t\t\t\t\t\t\t\t<\/div>\n\t\t\t\t<\/div>\n\t\t\t\t<div class=\"elementor-element elementor-element-2a00c20 animated-fast elementor-widget__width-initial elementor-widget elementor-widget-text-editor\" data-id=\"2a00c20\" data-element_type=\"widget\" data-e-type=\"widget\" data-settings=\"{&quot;_animation&quot;:&quot;none&quot;,&quot;_animation_delay&quot;:400,&quot;architecturer_ext_is_mobile_menu&quot;:&quot;false&quot;,&quot;architecturer_ext_is_scrollme&quot;:&quot;false&quot;,&quot;architecturer_ext_is_smoove&quot;:&quot;false&quot;,&quot;architecturer_ext_is_parallax_mouse&quot;:&quot;false&quot;,&quot;architecturer_ext_is_infinite&quot;:&quot;false&quot;,&quot;architecturer_ext_is_fadeout_animation&quot;:&quot;false&quot;}\" data-widget_type=\"text-editor.default\">\n\t\t\t\t<div class=\"elementor-widget-container\">\n\t\t\t\t\t\t\t\t\t<p>We have drawn up a Privacy Policy setting out how we protect your privacy and personal data. You can consult this policy via the dedicated page on our Website.<\/p>\n\t\t\t\t\t\t\t\t<\/div>\n\t\t\t\t<\/div>\n\t\t\t\t<div class=\"elementor-element elementor-element-f20627b animated-fast elementor-widget elementor-widget-text-editor\" data-id=\"f20627b\" data-element_type=\"widget\" data-e-type=\"widget\" data-settings=\"{&quot;_animation&quot;:&quot;none&quot;,&quot;_animation_delay&quot;:400,&quot;architecturer_ext_is_mobile_menu&quot;:&quot;false&quot;,&quot;architecturer_ext_is_scrollme&quot;:&quot;false&quot;,&quot;architecturer_ext_is_smoove&quot;:&quot;false&quot;,&quot;architecturer_ext_is_parallax_mouse&quot;:&quot;false&quot;,&quot;architecturer_ext_is_infinite&quot;:&quot;false&quot;,&quot;architecturer_ext_is_fadeout_animation&quot;:&quot;false&quot;}\" data-widget_type=\"text-editor.default\">\n\t\t\t\t<div class=\"elementor-widget-container\">\n\t\t\t\t\t\t\t\t\t<p><u>7. GOVERNING LAW \u2013 DISPUTES <\/u><\/p>\n\t\t\t\t\t\t\t\t<\/div>\n\t\t\t\t<\/div>\n\t\t\t\t<div class=\"elementor-element elementor-element-7b4af96 animated-fast elementor-widget__width-initial elementor-widget elementor-widget-text-editor\" data-id=\"7b4af96\" data-element_type=\"widget\" data-e-type=\"widget\" data-settings=\"{&quot;_animation&quot;:&quot;none&quot;,&quot;_animation_delay&quot;:400,&quot;architecturer_ext_is_mobile_menu&quot;:&quot;false&quot;,&quot;architecturer_ext_is_scrollme&quot;:&quot;false&quot;,&quot;architecturer_ext_is_smoove&quot;:&quot;false&quot;,&quot;architecturer_ext_is_parallax_mouse&quot;:&quot;false&quot;,&quot;architecturer_ext_is_infinite&quot;:&quot;false&quot;,&quot;architecturer_ext_is_fadeout_animation&quot;:&quot;false&quot;}\" data-widget_type=\"text-editor.default\">\n\t\t\t\t<div class=\"elementor-widget-container\">\n\t\t\t\t\t\t\t\t\t<p>These Terms of Use are governed by French law, to the exclusion of any other laws and\/or regulations that may be applicable in your own country and\/or the country from which you access our Website.<\/p>\n<p>The French courts will have sole jurisdiction (awarded in accordance with the rules of French civil procedure) to hear any contractual, extra-contractual or other civil disputes arising in connection with these Terms of Use if alternative forms of dispute resolution fail.<br \/>These Terms of Use were originally drafted in French and have been translated into English. In the event of any discrepancy between the two versions, the French version will prevail.<\/p>\n\t\t\t\t\t\t\t\t<\/div>\n\t\t\t\t<\/div>\n\t\t\t\t\t<\/div>\n\t\t<\/div>\n\t\t\t\t\t<\/div>\n\t\t<\/section>\n\t\t\t\t<\/div>\n\t\t","protected":false},"excerpt":{"rendered":"<p>LEGAL NOTICES\u2028 \u2028WEBSITE TERMS OF USE These terms of use (the \u2018Terms of Use\u2019) define and govern how users (\u2018you\u2019) can access and use the website https:\/\/www.tariquet.com (the \u2018Website\u2019). The Website has been designed to present and sell Soci\u00e9t\u00e9 Civile [&hellip;]<\/p>\n","protected":false},"author":1,"featured_media":0,"parent":0,"menu_order":0,"comment_status":"closed","ping_status":"closed","template":"","meta":{"footnotes":""},"class_list":["post-14395","page","type-page","status-publish","hentry"],"_links":{"self":[{"href":"https:\/\/www.tariquet.com\/en\/wp-json\/wp\/v2\/pages\/14395","targetHints":{"allow":["GET"]}}],"collection":[{"href":"https:\/\/www.tariquet.com\/en\/wp-json\/wp\/v2\/pages"}],"about":[{"href":"https:\/\/www.tariquet.com\/en\/wp-json\/wp\/v2\/types\/page"}],"author":[{"embeddable":true,"href":"https:\/\/www.tariquet.com\/en\/wp-json\/wp\/v2\/users\/1"}],"replies":[{"embeddable":true,"href":"https:\/\/www.tariquet.com\/en\/wp-json\/wp\/v2\/comments?post=14395"}],"version-history":[{"count":4,"href":"https:\/\/www.tariquet.com\/en\/wp-json\/wp\/v2\/pages\/14395\/revisions"}],"predecessor-version":[{"id":14767,"href":"https:\/\/www.tariquet.com\/en\/wp-json\/wp\/v2\/pages\/14395\/revisions\/14767"}],"wp:attachment":[{"href":"https:\/\/www.tariquet.com\/en\/wp-json\/wp\/v2\/media?parent=14395"}],"curies":[{"name":"wp","href":"https:\/\/api.w.org\/{rel}","templated":true}]}}